{"id":795,"date":"2025-07-22T22:38:38","date_gmt":"2025-07-23T04:38:38","guid":{"rendered":"https:\/\/valkirion.com\/alpha\/?page_id=795"},"modified":"2025-07-22T22:53:43","modified_gmt":"2025-07-23T04:53:43","slug":"aviso-de-privacidad","status":"publish","type":"page","link":"https:\/\/valkirion.com\/alpha\/aviso-de-privacidad\/","title":{"rendered":"aviso de privacidad"},"content":{"rendered":"\t\t<div data-elementor-type=\"wp-page\" data-elementor-id=\"795\" class=\"elementor elementor-795\" data-elementor-post-type=\"page\">\n\t\t\t\t<div class=\"elementor-element elementor-element-df458e2 e-flex e-con-boxed e-con e-parent\" data-id=\"df458e2\" data-element_type=\"container\" data-e-type=\"container\">\n\t\t\t\t\t<div class=\"e-con-inner\">\n\t\t\t\t<div class=\"elementor-element elementor-element-43db715 elementor-widget elementor-widget-heading\" data-id=\"43db715\" data-element_type=\"widget\" data-e-type=\"widget\" data-widget_type=\"heading.default\">\n\t\t\t\t\t<h2 class=\"elementor-heading-title elementor-size-default\">Aviso de privacidad <br>CLUB ALPHA CONTADORES<\/h2>\t\t\t\t<\/div>\n\t\t\t\t<div class=\"elementor-element elementor-element-84e558a elementor-widget elementor-widget-text-editor\" data-id=\"84e558a\" data-element_type=\"widget\" data-e-type=\"widget\" data-widget_type=\"text-editor.default\">\n\t\t\t\t\t\t\t\t\t<p>Fecha de \u00faltima actualizaci\u00f3n: 01 de Agosto del 2025<\/p><p>En cumplimiento con lo dispuesto por la Ley Federal de Protecci\u00f3n de Datos Personales en Posesi\u00f3n de los Particulares (LFPDPPP) y su Reglamento, Club Alpha Contadores (en adelante, &#8220;nosotros&#8221; o &#8220;el Responsable&#8221;), con sede en M\u00e9xico, hace de su conocimiento el presente Aviso de Privacidad, el cual tiene por finalidad informarle sobre el tratamiento de los datos personales que recabamos a trav\u00e9s de nuestro sitio web clubalphacontadores.com.<\/p><p><strong>1. Datos Personales Recabados<\/strong><\/p><p>Para los fines necesarios relacionados con nuestros servicios, recabamos los siguientes datos personales:<\/p><ul><li>Nombre completo.<\/li><li>N\u00famero de tel\u00e9fono (WhatsApp).<\/li><li>Pa\u00eds y ciudad de residencia.<\/li><li>Correo electr\u00f3nico.<\/li><li>Consentimiento expreso para el tratamiento de datos.<\/li><li>Recopilaci\u00f3n de datos por medio se formularios llenados voluntariamente por el usuario.<\/li><li>Revisi\u00f3n de solicitudes digitales.<\/li><\/ul><p>Adicionalmente, al crear una cuenta en nuestra plataforma, se recabar\u00e1n los datos proporcionados en el formulario de registro, los cuales ser\u00e1n utilizados conforme a lo establecido en este aviso.<\/p><p><strong>2. Finalidades del tratamiento<\/strong><\/p><p><strong>Sus datos personales ser\u00e1n utilizados para las siguientes finalidades:<\/strong><\/p><ul><li>Crear y gestionar su cuenta de usuario.<\/li><li>Establecer comunicaci\u00f3n v\u00eda WhatsApp, correo electr\u00f3nico u otros medios.<\/li><li>Brindar informaci\u00f3n sobre servicios, promociones o novedades de Club Alpha Contadores.<\/li><li>Cumplir con obligaciones legales y regulatorias aplicables.<\/li><\/ul><p><strong><br \/>3. Consentimiento y revocaci\u00f3n<\/strong><\/p><p>Al proporcionar sus datos personales y marcar la casilla de aceptaci\u00f3n, usted otorga su consentimiento expreso para el tratamiento de sus datos conforme a este Aviso de Privacidad.<\/p><p>Usted puede revocar su consentimiento en cualquier momento o ejercer sus derechos ARCO (Acceso, Rectificaci\u00f3n, Cancelaci\u00f3n u Oposici\u00f3n), enviando una solicitud al correo: soporte@valkirion.com, o comunic\u00e1ndose al tel\u00e9fono: +52 783 101 1769<\/p><p><strong>4. Transferencia de datos<\/strong><\/p><p>Sus datos personales no ser\u00e1n compartidos con terceros sin su consentimiento, salvo en los casos previstos por la ley (autoridades competentes, obligaciones legales, etc.).<\/p><p><strong>5. Medidas de seguridad<\/strong><\/p><p>Implementamos medidas administrativas, t\u00e9cnicas y f\u00edsicas para proteger sus datos contra da\u00f1o, p\u00e9rdida o acceso no autorizado.<\/p><p><strong>6. Cambios al aviso de privacidad<\/strong><\/p><p>Nos reservamos el derecho de modificar este Aviso de Privacidad. Cualquier cambio ser\u00e1 notificado a trav\u00e9s de nuestro sitio web.<\/p><p><strong>7. Contacto<\/strong><\/p><p>Si tiene dudas sobre este Aviso de Privacidad, puede contactarnos a:<\/p><p>Correo electr\u00f3nico: soporte@valkirion.com<\/p><p>Tel\u00e9fono: +52 783 101 1769<\/p><p>&#8220;Club Alpha Contadores&#8221; se compromete a proteger su informaci\u00f3n personal de acuerdo con la legislaci\u00f3n mexicana.<\/p>\t\t\t\t\t\t\t\t<\/div>\n\t\t\t\t\t<\/div>\n\t\t\t\t<\/div>\n\t\t\t\t<\/div>\n\t\t","protected":false},"excerpt":{"rendered":"<p>Aviso de privacidad CLUB ALPHA CONTADORES Fecha de \u00faltima actualizaci\u00f3n: 01 de Agosto del 2025 En cumplimiento con lo dispuesto por la Ley Federal de Protecci\u00f3n de Datos Personales en Posesi\u00f3n de los Particulares (LFPDPPP) y su Reglamento, Club Alpha Contadores (en adelante, &#8220;nosotros&#8221; o &#8220;el Responsable&#8221;), con sede en M\u00e9xico, hace de su conocimiento [&hellip;]<\/p>\n","protected":false},"author":1,"featured_media":0,"parent":0,"menu_order":0,"comment_status":"closed","ping_status":"closed","template":"elementor_header_footer","meta":{"footnotes":""},"class_list":["post-795","page","type-page","status-publish","hentry"],"_links":{"self":[{"href":"https:\/\/valkirion.com\/alpha\/wp-json\/wp\/v2\/pages\/795","targetHints":{"allow":["GET"]}}],"collection":[{"href":"https:\/\/valkirion.com\/alpha\/wp-json\/wp\/v2\/pages"}],"about":[{"href":"https:\/\/valkirion.com\/alpha\/wp-json\/wp\/v2\/types\/page"}],"author":[{"embeddable":true,"href":"https:\/\/valkirion.com\/alpha\/wp-json\/wp\/v2\/users\/1"}],"replies":[{"embeddable":true,"href":"https:\/\/valkirion.com\/alpha\/wp-json\/wp\/v2\/comments?post=795"}],"version-history":[{"count":7,"href":"https:\/\/valkirion.com\/alpha\/wp-json\/wp\/v2\/pages\/795\/revisions"}],"predecessor-version":[{"id":802,"href":"https:\/\/valkirion.com\/alpha\/wp-json\/wp\/v2\/pages\/795\/revisions\/802"}],"wp:attachment":[{"href":"https:\/\/valkirion.com\/alpha\/wp-json\/wp\/v2\/media?parent=795"}],"curies":[{"name":"wp","href":"https:\/\/api.w.org\/{rel}","templated":true}]}}