{"id":1146,"date":"2025-08-04T10:09:45","date_gmt":"2025-08-04T16:09:45","guid":{"rendered":"https:\/\/valkirion.com\/alpha\/?page_id=1146"},"modified":"2025-08-04T10:45:46","modified_gmt":"2025-08-04T16:45:46","slug":"reglamento","status":"publish","type":"page","link":"https:\/\/valkirion.com\/alpha\/reglamento\/","title":{"rendered":"Reglamento"},"content":{"rendered":"\t\t<div data-elementor-type=\"wp-page\" data-elementor-id=\"1146\" class=\"elementor elementor-1146\" data-elementor-post-type=\"page\">\n\t\t\t\t<div class=\"elementor-element elementor-element-5167a73 animated-fast e-flex e-con-boxed e-con e-parent\" data-id=\"5167a73\" data-element_type=\"container\" data-e-type=\"container\" data-settings=\"{&quot;background_background&quot;:&quot;classic&quot;,&quot;animation&quot;:&quot;none&quot;,&quot;animation_delay&quot;:900}\">\n\t\t\t\t\t<div class=\"e-con-inner\">\n\t\t\t\t<div class=\"elementor-element elementor-element-6a7e5e7 animated-fast elementor-widget-divider--view-line elementor-invisible elementor-widget elementor-widget-divider\" data-id=\"6a7e5e7\" data-element_type=\"widget\" data-e-type=\"widget\" data-settings=\"{&quot;_animation&quot;:&quot;slideInLeft&quot;}\" data-widget_type=\"divider.default\">\n\t\t\t\t\t\t\t<div class=\"elementor-divider\">\n\t\t\t<span class=\"elementor-divider-separator\">\n\t\t\t\t\t\t<\/span>\n\t\t<\/div>\n\t\t\t\t\t\t<\/div>\n\t\t\t\t<div class=\"elementor-element elementor-element-d9f4d3a animated-fast elementor-invisible elementor-widget elementor-widget-heading\" data-id=\"d9f4d3a\" data-element_type=\"widget\" data-e-type=\"widget\" data-settings=\"{&quot;_animation&quot;:&quot;lightSpeedIn&quot;,&quot;_animation_delay&quot;:500}\" data-widget_type=\"heading.default\">\n\t\t\t\t\t<h2 class=\"elementor-heading-title elementor-size-default\">Reglamento Oficial del CLUB: Alpha Contadores<\/h2>\t\t\t\t<\/div>\n\t\t\t\t<div class=\"elementor-element elementor-element-6d266bc animated-fast elementor-invisible elementor-widget elementor-widget-text-editor\" data-id=\"6d266bc\" data-element_type=\"widget\" data-e-type=\"widget\" data-settings=\"{&quot;_animation&quot;:&quot;fadeIn&quot;,&quot;_animation_delay&quot;:500}\" data-widget_type=\"text-editor.default\">\n\t\t\t\t\t\t\t\t\t<p>Ser parte del\u00a0<strong>CLUB: Alpha Contadores<\/strong>\u00a0no es un simple acceso a cursos o herramientas.<br \/>Es formar parte de una comunidad de contadores, auxiliares y estudiantes que comparten una visi\u00f3n:\u00a0<strong>crecer profesionalmente, apoyarse mutuamente y aportar valor al mundo contable desde la autenticidad<\/strong>.<\/p><p>Este CLUB es un proyecto de vida, construido con esfuerzo y pensado para mantenerse\u00a0<strong>gratuito y accesible<\/strong>.<br \/>Por eso, cada miembro que ingresa no es un espectador pasivo, sino un pilar de esta comunidad.<br \/>Tu compromiso, participaci\u00f3n y respeto son los que har\u00e1n posible que el CLUB siga creciendo y que m\u00e1s personas se beneficien de este espacio.<\/p>\t\t\t\t\t\t\t\t<\/div>\n\t\t\t\t<div class=\"elementor-element elementor-element-4966a8e animated-fast elementor-widget-divider--view-line elementor-invisible elementor-widget elementor-widget-divider\" data-id=\"4966a8e\" data-element_type=\"widget\" data-e-type=\"widget\" data-settings=\"{&quot;_animation&quot;:&quot;slideInRight&quot;}\" data-widget_type=\"divider.default\">\n\t\t\t\t\t\t\t<div class=\"elementor-divider\">\n\t\t\t<span class=\"elementor-divider-separator\">\n\t\t\t\t\t\t<\/span>\n\t\t<\/div>\n\t\t\t\t\t\t<\/div>\n\t\t\t\t\t<\/div>\n\t\t\t\t<\/div>\n\t\t<div class=\"elementor-element elementor-element-3c354d2 e-flex e-con-boxed e-con e-parent\" data-id=\"3c354d2\" data-element_type=\"container\" data-e-type=\"container\" data-settings=\"{&quot;background_background&quot;:&quot;classic&quot;}\">\n\t\t\t\t\t<div class=\"e-con-inner\">\n\t\t<div class=\"elementor-element elementor-element-3985c2d e-con-full e-flex e-con e-child\" data-id=\"3985c2d\" data-element_type=\"container\" data-e-type=\"container\">\n\t\t\t\t<div class=\"elementor-element elementor-element-50a0ebd animated-fast elementor-invisible elementor-widget elementor-widget-heading\" data-id=\"50a0ebd\" data-element_type=\"widget\" data-e-type=\"widget\" data-settings=\"{&quot;_animation&quot;:&quot;bounceIn&quot;,&quot;_animation_delay&quot;:500}\" data-widget_type=\"heading.default\">\n\t\t\t\t\t<h2 class=\"elementor-heading-title elementor-size-default\">Reglas del CLUB: Alpha Contadores<\/h2>\t\t\t\t<\/div>\n\t\t\t\t<div class=\"elementor-element elementor-element-25240c0 animated-fast elementor-invisible elementor-widget elementor-widget-text-editor\" data-id=\"25240c0\" data-element_type=\"widget\" data-e-type=\"widget\" data-settings=\"{&quot;_animation&quot;:&quot;fadeInUp&quot;,&quot;_animation_delay&quot;:500}\" data-widget_type=\"text-editor.default\">\n\t\t\t\t\t\t\t\t\t<ol><li><strong>Cero Publicidad No Autorizada<\/strong><\/li><\/ol><p>La promoci\u00f3n de servicios, productos o marcas dentro del CLUB est\u00e1 estrictamente prohibida, a menos que haya sido previamente autorizada por el Administrador.<br \/>Esto asegura que el espacio se mantenga libre de mensajes enga\u00f1osos y preserve su integridad como comunidad de aprendizaje.<\/p><p>\u00a0<\/p><ol start=\"2\"><li><strong>Compromiso de Actividad<\/strong><\/li><\/ol><p>Formar parte del CLUB es un compromiso.<br \/>Se espera de cada miembro una participaci\u00f3n constante:<\/p><ul><li>Hacer preguntas<\/li><li>Aportar experiencias<\/li><li>Responder a otros<\/li><li>Compartir recursos o herramientas<\/li><\/ul><p>Quienes permanezcan inactivos durante largos periodos podr\u00e1n ser dados de baja para permitir el ingreso de miembros con mayor disposici\u00f3n a participar.<\/p><p>\u00a0<\/p><ol start=\"3\"><li><strong>Respeto Absoluto<\/strong><\/li><\/ol><p>El respeto entre miembros es inquebrantable.<br \/>Se proh\u00edben palabras ofensivas, ataques personales, burlas o cualquier forma de menosprecio.<br \/>Quien incumpla esta regla podr\u00e1 ser expulsado sin previo aviso.<\/p><p>\u00a0<\/p><ol start=\"4\"><li><strong>Aportar Valor antes que Opini\u00f3n<\/strong><\/li><\/ol><p>Cada comentario, pregunta o publicaci\u00f3n debe tener la intenci\u00f3n de sumar al aprendizaje colectivo.<br \/>Evitemos comentarios sin fundamento o por \u201cllevar la contraria\u201d.<br \/>La cultura del CLUB es de crecimiento, no de discusi\u00f3n sin sentido.<\/p><p>\u00a0<\/p><ol start=\"5\"><li><strong>Apoyo en redes sociales<\/strong><\/li><\/ol><p>Este proyecto solo puede seguir creciendo si quienes formamos parte colaboramos en su difusi\u00f3n.<br \/>No pedimos viralidad ni protagonismo, pedimos\u00a0<strong>apoyo real a la visi\u00f3n del Club<\/strong>:<\/p><ul><li>Comentando, reaccionando, compartiendo y guardando las publicaciones del contador Uziel Ram\u00edrez.<\/li><\/ul><p>Este simple gesto no busca atenci\u00f3n personal, sino\u00a0<strong>extender el impacto de la comunidad a m\u00e1s contadores que puedan beneficiarse de lo que aqu\u00ed estamos creando juntos<\/strong>.Y a su vez conectar con instituciones o marcas que beneficien a los miembros con donaciones de equipos o becas para estudiantes.<\/p><p>\u00a0<\/p><ol start=\"6\"><li><strong>Confidencialidad y Privacidad<\/strong><\/li><\/ol><p>Lo que se comparte dentro del CLUB, permanece dentro del CLUB.<br \/>Situaciones personales, preguntas o errores de otros miembros deben tratarse siempre con discreci\u00f3n y respeto.<\/p><p>\u00a0<\/p><ol start=\"7\"><li><strong>Participaci\u00f3n en Reuniones en Vivo<\/strong><\/li><\/ol><p>Las reuniones semanales son uno de los pilares del CLUB.<br \/>Se espera que los miembros asistan o, al menos, se mantengan al tanto de lo que se comparte.<br \/>La participaci\u00f3n activa dar\u00e1 prioridad a futuros beneficios y reconocimientos.<\/p><p>\u00a0<\/p><ol start=\"8\"><li><strong>Prohibido compartir material del CLUB o links de WhatApp<\/strong><\/li><\/ol><p>Todo el material dentro del CLUB es exclusivo para los miembros del CLUB, con la finalidad de evitar el mal uso o lucrar con ello.<\/p><p>De igual manera, se prohibe compartir los links de WhatsApp a otros que no permanezcan dentro del CLUB.<\/p><p>\u00a0<\/p><ol start=\"9\"><li><strong>No al Spam de Mensajes Privados<\/strong><\/li><\/ol><p>Est\u00e1 prohibido enviar mensajes masivos a otros miembros para ofrecer servicios o vender productos. Si alg\u00fan miembro recibe mensajes de ventas podr\u00e1 darnos aviso para advertir o en su caso expulsar al miembro responsable.<br \/><br \/><\/p><p>El respeto por la privacidad es clave en esta comunidad.<\/p><p>\u00a0<\/p><ol start=\"10\"><li><strong>Derecho de Admisi\u00f3n y Permanencia<\/strong><\/li><\/ol><p>El acceso al CLUB es una oportunidad, no un derecho.<br \/>El Administrador se reserva la facultad de retirar el acceso a cualquier miembro que no respete las normas o desv\u00ede los valores de la comunidad.<\/p><p>\u00a0<\/p><p><strong>C\u00f3digo de Honor<\/strong><\/p><p>Recuerda: No deseamos que seas un espectador, eres parte de una comunidad comprometida.. La responsabilidad de mantener vivo este Club es de todos, y juntos lo llevaremos m\u00e1s lejos.<\/p>\t\t\t\t\t\t\t\t<\/div>\n\t\t\t\t<\/div>\n\t\t\t\t\t<\/div>\n\t\t\t\t<\/div>\n\t\t\t\t<\/div>\n\t\t","protected":false},"excerpt":{"rendered":"<p>Reglamento Oficial del CLUB: Alpha Contadores Ser parte del\u00a0CLUB: Alpha Contadores\u00a0no es un simple acceso a cursos o herramientas.Es formar parte de una comunidad de contadores, auxiliares y estudiantes que comparten una visi\u00f3n:\u00a0crecer profesionalmente, apoyarse mutuamente y aportar valor al mundo contable desde la autenticidad. Este CLUB es un proyecto de vida, construido con esfuerzo [&hellip;]<\/p>\n","protected":false},"author":6,"featured_media":0,"parent":0,"menu_order":0,"comment_status":"closed","ping_status":"closed","template":"elementor_header_footer","meta":{"footnotes":""},"class_list":["post-1146","page","type-page","status-publish","hentry"],"_links":{"self":[{"href":"https:\/\/valkirion.com\/alpha\/wp-json\/wp\/v2\/pages\/1146","targetHints":{"allow":["GET"]}}],"collection":[{"href":"https:\/\/valkirion.com\/alpha\/wp-json\/wp\/v2\/pages"}],"about":[{"href":"https:\/\/valkirion.com\/alpha\/wp-json\/wp\/v2\/types\/page"}],"author":[{"embeddable":true,"href":"https:\/\/valkirion.com\/alpha\/wp-json\/wp\/v2\/users\/6"}],"replies":[{"embeddable":true,"href":"https:\/\/valkirion.com\/alpha\/wp-json\/wp\/v2\/comments?post=1146"}],"version-history":[{"count":14,"href":"https:\/\/valkirion.com\/alpha\/wp-json\/wp\/v2\/pages\/1146\/revisions"}],"predecessor-version":[{"id":1161,"href":"https:\/\/valkirion.com\/alpha\/wp-json\/wp\/v2\/pages\/1146\/revisions\/1161"}],"wp:attachment":[{"href":"https:\/\/valkirion.com\/alpha\/wp-json\/wp\/v2\/media?parent=1146"}],"curies":[{"name":"wp","href":"https:\/\/api.w.org\/{rel}","templated":true}]}}